{"id":8863,"date":"2025-02-25T23:41:54","date_gmt":"2025-02-25T23:41:54","guid":{"rendered":"https:\/\/lostinn.alexrod.pt\/?page_id=8863"},"modified":"2025-02-26T16:06:27","modified_gmt":"2025-02-26T16:06:27","slug":"blog","status":"publish","type":"page","link":"https:\/\/lostinn.eu\/pt\/porto\/blog\/","title":{"rendered":"Blog"},"content":{"rendered":"<div data-elementor-type=\"wp-page\" data-elementor-id=\"8863\" class=\"elementor elementor-8863\" data-elementor-post-type=\"page\">\n\t\t\t\t\t\t<section class=\"elementor-section elementor-top-section elementor-element elementor-element-5406730 elementor-section-full_width elementor-section-height-default elementor-section-height-default\" data-id=\"5406730\" data-element_type=\"section\">\n\t\t\t\t\t\t<div class=\"elementor-container elementor-column-gap-no\">\n\t\t\t\t\t<div class=\"elementor-column elementor-col-100 elementor-top-column elementor-element elementor-element-97d9df7\" data-id=\"97d9df7\" data-element_type=\"column\">\n\t\t\t<div class=\"elementor-widget-wrap elementor-element-populated\">\n\t\t\t\t\t\t<div class=\"elementor-element elementor-element-0a92559 elementor-widget elementor-widget-kinsley-intro\" data-id=\"0a92559\" data-element_type=\"widget\" data-widget_type=\"kinsley-intro.default\">\n\t\t\t\t<div class=\"elementor-widget-container\">\n\t\t\t\t\t\n    <!-- banner -->\n    <section class=\"knsl-banner-simple knsl-transition-bottom\">\n      \n\t  \n      <div class=\"container\">\n        <div class=\"row\">\n          <div class=\"col-lg-12\">\n\n            <div class=\"knsl-center knsl-title-frame\">\n                            <h1 class=\"knsl-title--h knsl-mb-20 knsl-h1-inner\">\n                <span >\n                    O Nosso Blog                <\/span>\n              <\/h1>\n                                          <p class=\"knsl-text knsl-mb-30\">\n                <span >\n                    Descobre dicas exclusivas, locais escondidos e as melhores formas de explorar o Porto no nosso blog.\n\nDesde destaques de eventos at\u00e9 inspira\u00e7\u00e3o para viagens, temos tudo o que precisas para aproveitares ao m\u00e1ximo a tua estadia!                <\/span>\n              <\/p>\n              \n              <ul class=\"knsl-breadcrumbs\"><li><a href=\"https:\/\/lostinn.eu\/pt\" title=\"Lostinn\">Hostels<\/a><\/li><li><a href=\"https:\/\/lostinn.eu\/pt\/porto\/\">Porto Hostel<\/a><\/li><li class=\"tst-active\"><a><\/a><\/li><\/ul>\n            <\/div>\n\n          <\/div>\n        <\/div>\n      <\/div>\n    <\/section>\n    <!-- banner end -->\n\n\t\t\t\t\t\t<\/div>\n\t\t\t\t<\/div>\n\t\t\t\t\t<\/div>\n\t\t<\/div>\n\t\t\t\t\t<\/div>\n\t\t<\/section>\n\t\t\t\t<section class=\"elementor-section elementor-top-section elementor-element elementor-element-e5cb9da elementor-section-full_width elementor-section-height-default elementor-section-height-default\" data-id=\"e5cb9da\" data-element_type=\"section\">\n\t\t\t\t\t\t<div class=\"elementor-container elementor-column-gap-no\">\n\t\t\t\t\t<div class=\"elementor-column elementor-col-100 elementor-top-column elementor-element elementor-element-684f0d7\" data-id=\"684f0d7\" data-element_type=\"column\">\n\t\t\t<div class=\"elementor-widget-wrap elementor-element-populated\">\n\t\t\t\t\t\t<div class=\"elementor-element elementor-element-2b94d15 lisbon-blog elementor-widget elementor-widget-kinsley-blog-grid\" data-id=\"2b94d15\" data-element_type=\"widget\" data-widget_type=\"kinsley-blog-grid.default\">\n\t\t\t\t<div class=\"elementor-widget-container\">\n\t\t\t\t\t\n\t<!-- blog -->\n\t<section class=\"knsl-transition-none knsl-p-0-80\">\n\t\t\n\t    <div class=\"container\">\t\t\t<div class=\"row  attr-categories-false attr-details-author-false attr-readmore-false\">\n\t\t\t\t\n\t\t\t\t\t\t\t\t\t\t\t\t<div class=\"col-md-6 col-lg-4\">\n\n\t\t\t\t\t\n\n<!-- blog card -->\n<div class=\"knsl-blog-card\">\n  <div id=\"post-9513\" class=\"post-9513 post type-post status-publish format-video has-post-thumbnail hentry category-lostinn-porto post_format-post-format-video\">\n    <div class=\"knsl-cover-frame\">\n    <a href=\"https:\/\/lostinn.eu\/pt\/empowering-female-solo-travelers-why-it-matters-to-us-3\/\">\n    \t    \t<img decoding=\"async\" src=\"https:\/\/lostinn.eu\/core\/wp-content\/uploads\/2025\/07\/capela-do-senhor-da-pedra-2-950x593.jpg\" alt=\"Chill vibes only: top beaches and natural swim spots around Porto\" \/>\n    \t    <\/a>\n\t\t<div class=\"knsl-badge\">\n\t\t\tLost Inn Porto\t\t<\/div>\n  <\/div>\n    <div class=\"knsl-description-frame\">\n    <div class=\"knsl-room-features\">\n      <div class=\"knsl-feature knsl-feature-author\">\n                <div class=\"knsl-icon-frame knsl-icon-author\"><img decoding=\"async\" src=\"https:\/\/secure.gravatar.com\/avatar\/e04be3c41d21deb239f1c6fa1c794236787fb99ffa16f2b64c12e255e20c26bd?s=96&#038;d=mm&#038;r=g\" alt=\"Joana Marques\" \/><\/div>\n                <span>Joana Marques<\/span>\n      <\/div>\n\n      \t  \t<div class=\"knsl-feature knsl-feature-date\">\n        <div class=\"knsl-icon-frame\"><span class=\"img-svg img-svg-time\"><\/span><\/div>\n        <span>Julho 28, 2025<\/span>\n      <\/div>\n\t  \t    <\/div>\n    <a href=\"https:\/\/lostinn.eu\/pt\/empowering-female-solo-travelers-why-it-matters-to-us-3\/\" class=\"knsl-title\">\n      <h4 class=\"knsl-mb-20\">Chill vibes only: top beaches and natural swim spots around Porto<\/h4>\n    <\/a>\n    <div class=\"knsl-text-light knsl-text-sm\">\n    \t<p>Lisbon, the vibrant capital of Portugal, is a city where old-world charm meets modern-day adventure. From its cobbled streets and historic neighborhoods to its buzzing nightlife and picturesque river views, Lisbon offers something for everyone. If you\u2019re planning your first trip to this beautiful city, here are some tips to make the most of your stay.<\/p>\n    <\/div>\n  <\/div>\n  <\/div>\n<\/div>\n<!-- blog card end -->\n\n\t\t\t\t<\/div>\n\t\t\t\t\t\t\t\t<div class=\"col-md-6 col-lg-4\">\n\n\t\t\t\t\t\n\n<!-- blog card -->\n<div class=\"knsl-blog-card\">\n  <div id=\"post-9446\" class=\"post-9446 post type-post status-publish format-video has-post-thumbnail hentry category-lostinn-porto tag-festassaojoao tag-juneporto tag-portofestivities tag-saintjohnfestivities tag-saojoao tag-saojoaoporto post_format-post-format-video\">\n    <div class=\"knsl-cover-frame\">\n    <a href=\"https:\/\/lostinn.eu\/pt\/empowering-female-solo-travelers-why-it-matters-to-us-2\/\">\n    \t    \t<img decoding=\"async\" src=\"https:\/\/lostinn.eu\/core\/wp-content\/uploads\/2025\/05\/sddefault.jpg\" alt=\"Festa de S\u00e3o Jo\u00e3o: Porto\u2019s Wildest and Most Whimsical Night\" \/>\n    \t    <\/a>\n\t\t<div class=\"knsl-badge\">\n\t\t\tLost Inn Porto\t\t<\/div>\n  <\/div>\n    <div class=\"knsl-description-frame\">\n    <div class=\"knsl-room-features\">\n      <div class=\"knsl-feature knsl-feature-author\">\n                <div class=\"knsl-icon-frame knsl-icon-author\"><img decoding=\"async\" src=\"https:\/\/secure.gravatar.com\/avatar\/e04be3c41d21deb239f1c6fa1c794236787fb99ffa16f2b64c12e255e20c26bd?s=96&#038;d=mm&#038;r=g\" alt=\"Joana Marques\" \/><\/div>\n                <span>Joana Marques<\/span>\n      <\/div>\n\n      \t  \t<div class=\"knsl-feature knsl-feature-date\">\n        <div class=\"knsl-icon-frame\"><span class=\"img-svg img-svg-time\"><\/span><\/div>\n        <span>Maio 22, 2025<\/span>\n      <\/div>\n\t  \t    <\/div>\n    <a href=\"https:\/\/lostinn.eu\/pt\/empowering-female-solo-travelers-why-it-matters-to-us-2\/\" class=\"knsl-title\">\n      <h4 class=\"knsl-mb-20\">Festa de S\u00e3o Jo\u00e3o: Porto\u2019s Wildest and Most Whimsical Night<\/h4>\n    <\/a>\n    <div class=\"knsl-text-light knsl-text-sm\">\n    \t<p>Porto knows how to throw a party, and Festa de S\u00e3o Jo\u00e3o on June 23rd is the biggest night of the year. It\u2019s a one-of-a-kind experience filled with fireworks, music, quirky traditions, and joy &#8211; and there\u2019s no better way to experience it than by staying at Lost Inn Porto, right in the heart of the action.<\/p>\n    <\/div>\n  <\/div>\n  <\/div>\n<\/div>\n<!-- blog card end -->\n\n\t\t\t\t<\/div>\n\t\t\t\t\t\t\t\t<div class=\"col-md-6 col-lg-4\">\n\n\t\t\t\t\t\n\n<!-- blog card -->\n<div class=\"knsl-blog-card\">\n  <div id=\"post-8926\" class=\"post-8926 post type-post status-publish format-video has-post-thumbnail hentry category-lostinn-porto post_format-post-format-video\">\n    <div class=\"knsl-cover-frame\">\n    <a href=\"https:\/\/lostinn.eu\/pt\/empowering-female-solo-travelers-why-it-matters-to-us\/\">\n    \t    \t<img decoding=\"async\" src=\"https:\/\/lostinn.eu\/core\/wp-content\/uploads\/2025\/02\/Empowering-female-solo-travelers-950x713.jpg\" alt=\"Empowering female solo travelers: why it matters to us\" \/>\n    \t    <\/a>\n\t\t<div class=\"knsl-badge\">\n\t\t\tLost Inn Porto\t\t<\/div>\n  <\/div>\n    <div class=\"knsl-description-frame\">\n    <div class=\"knsl-room-features\">\n      <div class=\"knsl-feature knsl-feature-author\">\n                <div class=\"knsl-icon-frame knsl-icon-author\"><img decoding=\"async\" src=\"https:\/\/secure.gravatar.com\/avatar\/e04be3c41d21deb239f1c6fa1c794236787fb99ffa16f2b64c12e255e20c26bd?s=96&#038;d=mm&#038;r=g\" alt=\"Joana Marques\" \/><\/div>\n                <span>Joana Marques<\/span>\n      <\/div>\n\n      \t  \t<div class=\"knsl-feature knsl-feature-date\">\n        <div class=\"knsl-icon-frame\"><span class=\"img-svg img-svg-time\"><\/span><\/div>\n        <span>Fevereiro 26, 2025<\/span>\n      <\/div>\n\t  \t    <\/div>\n    <a href=\"https:\/\/lostinn.eu\/pt\/empowering-female-solo-travelers-why-it-matters-to-us\/\" class=\"knsl-title\">\n      <h4 class=\"knsl-mb-20\">Empowering female solo travelers: why it matters to us<\/h4>\n    <\/a>\n    <div class=\"knsl-text-light knsl-text-sm\">\n    \t<p>Lisbon, the vibrant capital of Portugal, is a city where old-world charm meets modern-day adventure. From its cobbled streets and historic neighborhoods to its buzzing nightlife and picturesque river views, Lisbon offers something for everyone. If you\u2019re planning your first trip to this beautiful city, here are some tips to make the most of your stay.<\/p>\n    <\/div>\n  <\/div>\n  <\/div>\n<\/div>\n<!-- blog card end -->\n\n\t\t\t\t<\/div>\n\t\t\t\t\t\t\t\t<div class=\"col-md-6 col-lg-4\">\n\n\t\t\t\t\t\n\n<!-- blog card -->\n<div class=\"knsl-blog-card knsl-scroll-animation\">\n  <div id=\"post-8921\" class=\"post-8921 post type-post status-publish format-video has-post-thumbnail hentry category-lostinn-porto post_format-post-format-video\">\n    <div class=\"knsl-cover-frame\">\n    <a href=\"https:\/\/lostinn.eu\/pt\/why-lost-inn-porto-is-more-than-just-a-hostel\/\">\n    \t    \t<img decoding=\"async\" src=\"https:\/\/lostinn.eu\/core\/wp-content\/uploads\/2025\/02\/Why-Lost-Inn-Porto-is-more-than-just-a-hostel-950x634.jpg\" alt=\"Why Lost Inn Porto is more than just a hostel\" \/>\n    \t    <\/a>\n\t\t<div class=\"knsl-badge\">\n\t\t\tLost Inn Porto\t\t<\/div>\n  <\/div>\n    <div class=\"knsl-description-frame\">\n    <div class=\"knsl-room-features\">\n      <div class=\"knsl-feature knsl-feature-author\">\n                <div class=\"knsl-icon-frame knsl-icon-author\"><img decoding=\"async\" src=\"https:\/\/secure.gravatar.com\/avatar\/e04be3c41d21deb239f1c6fa1c794236787fb99ffa16f2b64c12e255e20c26bd?s=96&#038;d=mm&#038;r=g\" alt=\"Joana Marques\" \/><\/div>\n                <span>Joana Marques<\/span>\n      <\/div>\n\n      \t  \t<div class=\"knsl-feature knsl-feature-date\">\n        <div class=\"knsl-icon-frame\"><span class=\"img-svg img-svg-time\"><\/span><\/div>\n        <span>Fevereiro 26, 2025<\/span>\n      <\/div>\n\t  \t    <\/div>\n    <a href=\"https:\/\/lostinn.eu\/pt\/why-lost-inn-porto-is-more-than-just-a-hostel\/\" class=\"knsl-title\">\n      <h4 class=\"knsl-mb-20\">Why Lost Inn Porto is more than just a hostel<\/h4>\n    <\/a>\n    <div class=\"knsl-text-light knsl-text-sm\">\n    \t<p>Lisbon, the vibrant capital of Portugal, is a city where old-world charm meets modern-day adventure. From its cobbled streets and historic neighborhoods to its buzzing nightlife and picturesque river views, Lisbon offers something for everyone. If you\u2019re planning your first trip to this beautiful city, here are some tips to make the most of your stay.<\/p>\n    <\/div>\n  <\/div>\n  <\/div>\n<\/div>\n<!-- blog card end -->\n\n\t\t\t\t<\/div>\n\t\t\t\t\t\t\t\t<div class=\"col-md-6 col-lg-4\">\n\n\t\t\t\t\t\n\n<!-- blog card -->\n<div class=\"knsl-blog-card knsl-scroll-animation\">\n  <div id=\"post-8915\" class=\"post-8915 post type-post status-publish format-video has-post-thumbnail hentry category-lostinn-porto post_format-post-format-video\">\n    <div class=\"knsl-cover-frame\">\n    <a href=\"https:\/\/lostinn.eu\/pt\/discovering-porto-top-5-must-see-attractions\/\">\n    \t    \t<img decoding=\"async\" src=\"https:\/\/lostinn.eu\/core\/wp-content\/uploads\/2025\/02\/Discovering-Porto-950x633.jpg\" alt=\"Discovering Porto: Top 5 must-see attractions\" \/>\n    \t    <\/a>\n\t\t<div class=\"knsl-badge\">\n\t\t\tLost Inn Porto\t\t<\/div>\n  <\/div>\n    <div class=\"knsl-description-frame\">\n    <div class=\"knsl-room-features\">\n      <div class=\"knsl-feature knsl-feature-author\">\n                <div class=\"knsl-icon-frame knsl-icon-author\"><img decoding=\"async\" src=\"https:\/\/secure.gravatar.com\/avatar\/e04be3c41d21deb239f1c6fa1c794236787fb99ffa16f2b64c12e255e20c26bd?s=96&#038;d=mm&#038;r=g\" alt=\"Joana Marques\" \/><\/div>\n                <span>Joana Marques<\/span>\n      <\/div>\n\n      \t  \t<div class=\"knsl-feature knsl-feature-date\">\n        <div class=\"knsl-icon-frame\"><span class=\"img-svg img-svg-time\"><\/span><\/div>\n        <span>Fevereiro 26, 2025<\/span>\n      <\/div>\n\t  \t    <\/div>\n    <a href=\"https:\/\/lostinn.eu\/pt\/discovering-porto-top-5-must-see-attractions\/\" class=\"knsl-title\">\n      <h4 class=\"knsl-mb-20\">Discovering Porto: Top 5 must-see attractions<\/h4>\n    <\/a>\n    <div class=\"knsl-text-light knsl-text-sm\">\n    \t<p>Lisbon, the vibrant capital of Portugal, is a city where old-world charm meets modern-day adventure. From its cobbled streets and historic neighborhoods to its buzzing nightlife and picturesque river views, Lisbon offers something for everyone. If you\u2019re planning your first trip to this beautiful city, here are some tips to make the most of your stay.<\/p>\n    <\/div>\n  <\/div>\n  <\/div>\n<\/div>\n<!-- blog card end -->\n\n\t\t\t\t<\/div>\n\t\t\t\t\n\t      \t\t\t\t\t\t<!-- pagination -->\n\t\t\t\t<div class=\"knsl-pagination\">\n\t\t\t\t\t\t\t\t<\/div>\n\t\t\t\t<!-- pagination end -->\n\t\t\t\t\n\t\t\t\t\t    \t\t\n\t    \t<\/div>\n\t\t<\/div>\t<\/section>\n\t<!-- blog end -->\n\n\t\t\t\t\t\t<\/div>\n\t\t\t\t<\/div>\n\t\t\t\t\t<\/div>\n\t\t<\/div>\n\t\t\t\t\t<\/div>\n\t\t<\/section>\n\t\t\t\t<section class=\"elementor-section elementor-top-section elementor-element elementor-element-691da3f elementor-section-full_width elementor-section-height-default elementor-section-height-default\" data-id=\"691da3f\" data-element_type=\"section\">\n\t\t\t\t\t\t<div class=\"elementor-container elementor-column-gap-no\">\n\t\t\t\t\t<div class=\"elementor-column elementor-col-100 elementor-top-column elementor-element elementor-element-d1e2db9\" data-id=\"d1e2db9\" data-element_type=\"column\">\n\t\t\t<div class=\"elementor-widget-wrap elementor-element-populated\">\n\t\t\t\t\t\t<div class=\"elementor-element elementor-element-326bc08 elementor-widget elementor-widget-kinsley-blog-carousel\" data-id=\"326bc08\" data-element_type=\"widget\" data-widget_type=\"kinsley-blog-carousel.default\">\n\t\t\t\t<div class=\"elementor-widget-container\">\n\t\t\t\t\t\n\t<!-- blog -->\n    <section class=\"knsl-transition-top knsl-p-0-100\">\n\t\n\t<div class=\"container\">        <div class=\"row align-items-center\">\n\t\t\t\t\t\t\t\t\t\t<div class=\"col-lg-12\">\n\t\t\t\t\t\t<div class=\"knsl-center knsl-title-frame knsl-scroll-animation knsl-mb-100\">\n\t\t\t\t\t\t\t\t\t\t\t\t\t\t<h2 class=\"knsl-title--h knsl-mb-20\">\n\t\t\t\t\t\t\t\t<span >\n\t\t\t\t\t\t\t\t\t\tV\u00ea tamb\u00e9m os artigos do Lost Inn Lisboa!\t\t\t\t\t\t\t\t<\/span>\n\t\t\t\t\t\t\t<\/h2>\n\t\t\t\t\t\t\t\t\t\t\t\t\t\t\t\t\t\t\t\t\t<p class=\"knsl-text knsl-mb-30\">\n\t\t\t\t\t\t\t\t<span >\n\t\t\t\t\t\t\t\t\t\tDescobre dicas exclusivas sobre Lisboa, eventos futuros no hostel e todos os detalhes essenciais sobre as nossas comodidades. Mant\u00e9m-te atento para atualiza\u00e7\u00f5es e aproveita ao m\u00e1ximo a tua estadia connosco!\t\t\t\t\t\t\t\t<\/span>\n\t\t\t\t\t\t\t<\/p>\n\t\t\t\t\t\t\t\t\t\t\t\t\t\t\t\t\t\t\t\t\t<a href=\"\/pt\/lisbon\/blog\/\" class=\"knsl-btn knsl-btn-md\">\n\t\t\t\t\t\t\t\t<span >\n\t\t\t\t\t\t\t\t\t\tLostinn Lisbon Blog\t\t\t\t\t\t\t\t<\/span>\n\t\t\t\t\t\t\t<\/a>\n\t\t\t\t\t\t\t\t\t\t\t\t\t<\/div>\n\t\t\t\t\t<\/div>\n\t\t\t\t\t\n          <div class=\"col-lg-12  attr-categories-false attr-readmore-false\">\n\t\t\t\t\t\t          <\/div>\n        <\/div>\n    \n\t<\/div>    <\/section>\n    <!-- blog end -->\n\n\t\t\t\t\t\t<\/div>\n\t\t\t\t<\/div>\n\t\t\t\t\t<\/div>\n\t\t<\/div>\n\t\t\t\t\t<\/div>\n\t\t<\/section>\n\t\t\t\t<\/div>","protected":false},"excerpt":{"rendered":"<p>Our Blog Discover insider tips, hidden gems, and the best ways to explore Porto&#8230; <span class=\"knsl-el-more\"><a href=\"https:\/\/lostinn.eu\/pt\/why-being-female-solo-travel-friendly-is-important-to-us-at-lost-inn-lisbon\/\" class=\"knsl-btn\">Read more<span class=\"screen-reader-text\">Read more&nbsp;Why being Female-Solo-Travel friendly is important to us at Lost Inn Lisbon<\/span><\/a><\/span><\/p>","protected":false},"author":1,"featured_media":0,"parent":8861,"menu_order":0,"comment_status":"closed","ping_status":"closed","template":"template-layout-builder.php","meta":{"_acf_changed":false,"footnotes":""},"class_list":["post-8863","page","type-page","status-publish","hentry"],"acf":[],"_links":{"self":[{"href":"https:\/\/lostinn.eu\/pt\/wp-json\/wp\/v2\/pages\/8863","targetHints":{"allow":["GET"]}}],"collection":[{"href":"https:\/\/lostinn.eu\/pt\/wp-json\/wp\/v2\/pages"}],"about":[{"href":"https:\/\/lostinn.eu\/pt\/wp-json\/wp\/v2\/types\/page"}],"author":[{"embeddable":true,"href":"https:\/\/lostinn.eu\/pt\/wp-json\/wp\/v2\/users\/1"}],"replies":[{"embeddable":true,"href":"https:\/\/lostinn.eu\/pt\/wp-json\/wp\/v2\/comments?post=8863"}],"version-history":[{"count":5,"href":"https:\/\/lostinn.eu\/pt\/wp-json\/wp\/v2\/pages\/8863\/revisions"}],"predecessor-version":[{"id":8986,"href":"https:\/\/lostinn.eu\/pt\/wp-json\/wp\/v2\/pages\/8863\/revisions\/8986"}],"up":[{"embeddable":true,"href":"https:\/\/lostinn.eu\/pt\/wp-json\/wp\/v2\/pages\/8861"}],"wp:attachment":[{"href":"https:\/\/lostinn.eu\/pt\/wp-json\/wp\/v2\/media?parent=8863"}],"curies":[{"name":"wp","href":"https:\/\/api.w.org\/{rel}","templated":true}]}}