{"id":8385,"date":"2024-11-28T17:29:39","date_gmt":"2024-11-28T17:29:39","guid":{"rendered":"https:\/\/lostinn.alexrod.pt\/?page_id=8385"},"modified":"2025-02-26T16:06:55","modified_gmt":"2025-02-26T16:06:55","slug":"blog","status":"publish","type":"page","link":"https:\/\/lostinn.eu\/pt\/lisbon\/blog\/","title":{"rendered":"Blog"},"content":{"rendered":"<div data-elementor-type=\"wp-page\" data-elementor-id=\"8385\" class=\"elementor elementor-8385\" data-elementor-post-type=\"page\">\n\t\t\t\t\t\t<section class=\"elementor-section elementor-top-section elementor-element elementor-element-5406730 elementor-section-full_width elementor-section-height-default elementor-section-height-default\" data-id=\"5406730\" data-element_type=\"section\">\n\t\t\t\t\t\t<div class=\"elementor-container elementor-column-gap-no\">\n\t\t\t\t\t<div class=\"elementor-column elementor-col-100 elementor-top-column elementor-element elementor-element-97d9df7\" data-id=\"97d9df7\" data-element_type=\"column\">\n\t\t\t<div class=\"elementor-widget-wrap elementor-element-populated\">\n\t\t\t\t\t\t<div class=\"elementor-element elementor-element-0a92559 elementor-widget elementor-widget-kinsley-intro\" data-id=\"0a92559\" data-element_type=\"widget\" data-widget_type=\"kinsley-intro.default\">\n\t\t\t\t<div class=\"elementor-widget-container\">\n\t\t\t\t\t\n    <!-- banner -->\n    <section class=\"knsl-banner-simple knsl-transition-bottom\">\n      \n\t  \n      <div class=\"container\">\n        <div class=\"row\">\n          <div class=\"col-lg-12\">\n\n            <div class=\"knsl-center knsl-title-frame\">\n                            <h1 class=\"knsl-title--h knsl-mb-20 knsl-h1-inner\">\n                <span >\n                    O Nosso Blog                <\/span>\n              <\/h1>\n                                          <p class=\"knsl-text knsl-mb-30\">\n                <span >\n                    Descobre dicas exclusivas sobre Lisboa, eventos futuros no hostel e todos os detalhes essenciais sobre as nossas comodidades. Mant\u00e9m-te atento para atualiza\u00e7\u00f5es e aproveita ao m\u00e1ximo a tua estadia connosco!                <\/span>\n              <\/p>\n              \n              <ul class=\"knsl-breadcrumbs\"><li><a href=\"https:\/\/lostinn.eu\/pt\" title=\"Lostinn\">Hostels<\/a><\/li><li><a href=\"https:\/\/lostinn.eu\/pt\/lisbon\/\">Hostel Lisboa<\/a><\/li><li class=\"tst-active\"><a><\/a><\/li><\/ul>\n            <\/div>\n\n          <\/div>\n        <\/div>\n      <\/div>\n    <\/section>\n    <!-- banner end -->\n\n\t\t\t\t\t\t<\/div>\n\t\t\t\t<\/div>\n\t\t\t\t\t<\/div>\n\t\t<\/div>\n\t\t\t\t\t<\/div>\n\t\t<\/section>\n\t\t\t\t<section class=\"elementor-section elementor-top-section elementor-element elementor-element-e5cb9da elementor-section-full_width elementor-section-height-default elementor-section-height-default\" data-id=\"e5cb9da\" data-element_type=\"section\">\n\t\t\t\t\t\t<div class=\"elementor-container elementor-column-gap-no\">\n\t\t\t\t\t<div class=\"elementor-column elementor-col-100 elementor-top-column elementor-element elementor-element-684f0d7\" data-id=\"684f0d7\" data-element_type=\"column\">\n\t\t\t<div class=\"elementor-widget-wrap elementor-element-populated\">\n\t\t\t\t\t\t<div class=\"elementor-element elementor-element-2b94d15 lisbon-blog elementor-widget elementor-widget-kinsley-blog-grid\" data-id=\"2b94d15\" data-element_type=\"widget\" data-widget_type=\"kinsley-blog-grid.default\">\n\t\t\t\t<div class=\"elementor-widget-container\">\n\t\t\t\t\t\n\t<!-- blog -->\n\t<section class=\"knsl-transition-none knsl-p-0-80\">\n\t\t\n\t    <div class=\"container\">\t\t\t<div class=\"row  attr-categories-false attr-details-author-false attr-readmore-false\">\n\t\t\t\t\n\t\t\t\t\t\t\t\t\t\t\t\t<div class=\"col-md-6 col-lg-4\">\n\n\t\t\t\t\t\n\n<!-- blog card -->\n<div class=\"knsl-blog-card\">\n  <div id=\"post-9495\" class=\"post-9495 post type-post status-publish format-video has-post-thumbnail hentry category-lostinn-lisbon post_format-post-format-video\">\n    <div class=\"knsl-cover-frame\">\n    <a href=\"https:\/\/lostinn.eu\/pt\/sun-sand-splash-discover-the-best-beaches-and-natural-getaways-near-lisbon\/\">\n    \t    \t<img decoding=\"async\" src=\"https:\/\/lostinn.eu\/core\/wp-content\/uploads\/2025\/07\/pexels-alexandre-moreira-2527876-4135231-950x534.jpg\" alt=\"Sun, Sand &amp; Splash: discover the best beaches and natural getaways near Lisbon\" \/>\n    \t    <\/a>\n\t\t<div class=\"knsl-badge\">\n\t\t\tLost Inn Lisboa\t\t<\/div>\n  <\/div>\n    <div class=\"knsl-description-frame\">\n    <div class=\"knsl-room-features\">\n      <div class=\"knsl-feature knsl-feature-author\">\n                <div class=\"knsl-icon-frame knsl-icon-author\"><img decoding=\"async\" src=\"https:\/\/secure.gravatar.com\/avatar\/e04be3c41d21deb239f1c6fa1c794236787fb99ffa16f2b64c12e255e20c26bd?s=96&#038;d=mm&#038;r=g\" alt=\"Joana Marques\" \/><\/div>\n                <span>Joana Marques<\/span>\n      <\/div>\n\n      \t  \t<div class=\"knsl-feature knsl-feature-date\">\n        <div class=\"knsl-icon-frame\"><span class=\"img-svg img-svg-time\"><\/span><\/div>\n        <span>Julho 28, 2025<\/span>\n      <\/div>\n\t  \t    <\/div>\n    <a href=\"https:\/\/lostinn.eu\/pt\/sun-sand-splash-discover-the-best-beaches-and-natural-getaways-near-lisbon\/\" class=\"knsl-title\">\n      <h4 class=\"knsl-mb-20\">Sun, Sand &amp; Splash: discover the best beaches and natural getaways near Lisbon<\/h4>\n    <\/a>\n    <div class=\"knsl-text-light knsl-text-sm\">\n    \t<p>June in Lisbon means one thing: it&#8217;s time to party in honor of Saint Anthony, Lisbon\u2019s beloved patron saint. The Santo Ant\u00f3nio Festival 2025 is one of the most exciting and vibrant times to be in the city &#8211; and staying with Lost Inn Lisbon puts you right in the heart of it all.<\/p>\n    <\/div>\n  <\/div>\n  <\/div>\n<\/div>\n<!-- blog card end -->\n\n\t\t\t\t<\/div>\n\t\t\t\t\t\t\t\t<div class=\"col-md-6 col-lg-4\">\n\n\t\t\t\t\t\n\n<!-- blog card -->\n<div class=\"knsl-blog-card\">\n  <div id=\"post-9451\" class=\"post-9451 post type-post status-publish format-video has-post-thumbnail hentry category-lostinn-lisbon tag-junelisbon tag-lisbonfestivities tag-saintanthonylisbon tag-santoantonio tag-santoantoniolisboa tag-santospopulares tag-sardinefestival post_format-post-format-video\">\n    <div class=\"knsl-cover-frame\">\n    <a href=\"https:\/\/lostinn.eu\/pt\/festa-de-sao-joao-portos-wildest-and-most-whimsical-night\/\">\n    \t    \t<img decoding=\"async\" src=\"https:\/\/lostinn.eu\/core\/wp-content\/uploads\/2025\/05\/arraial-santos-populares-950x533.jpg\" alt=\"Experience the Magic of Santo Ant\u00f3nio: Lisbon\u2019s Most Iconic June Festival\" \/>\n    \t    <\/a>\n\t\t<div class=\"knsl-badge\">\n\t\t\tLost Inn Lisboa\t\t<\/div>\n  <\/div>\n    <div class=\"knsl-description-frame\">\n    <div class=\"knsl-room-features\">\n      <div class=\"knsl-feature knsl-feature-author\">\n                <div class=\"knsl-icon-frame knsl-icon-author\"><img decoding=\"async\" src=\"https:\/\/secure.gravatar.com\/avatar\/e04be3c41d21deb239f1c6fa1c794236787fb99ffa16f2b64c12e255e20c26bd?s=96&#038;d=mm&#038;r=g\" alt=\"Joana Marques\" \/><\/div>\n                <span>Joana Marques<\/span>\n      <\/div>\n\n      \t  \t<div class=\"knsl-feature knsl-feature-date\">\n        <div class=\"knsl-icon-frame\"><span class=\"img-svg img-svg-time\"><\/span><\/div>\n        <span>Maio 22, 2025<\/span>\n      <\/div>\n\t  \t    <\/div>\n    <a href=\"https:\/\/lostinn.eu\/pt\/festa-de-sao-joao-portos-wildest-and-most-whimsical-night\/\" class=\"knsl-title\">\n      <h4 class=\"knsl-mb-20\">Experience the Magic of Santo Ant\u00f3nio: Lisbon\u2019s Most Iconic June Festival<\/h4>\n    <\/a>\n    <div class=\"knsl-text-light knsl-text-sm\">\n    \t<p>June in Lisbon means one thing: it&#8217;s time to party in honor of Saint Anthony, Lisbon\u2019s beloved patron saint. The Santo Ant\u00f3nio Festival 2025 is one of the most exciting and vibrant times to be in the city &#8211; and staying with Lost Inn Lisbon puts you right in the heart of it all.<\/p>\n    <\/div>\n  <\/div>\n  <\/div>\n<\/div>\n<!-- blog card end -->\n\n\t\t\t\t<\/div>\n\t\t\t\t\t\t\t\t<div class=\"col-md-6 col-lg-4\">\n\n\t\t\t\t\t\n\n<!-- blog card -->\n<div class=\"knsl-blog-card\">\n  <div id=\"post-8730\" class=\"post-8730 post type-post status-publish format-video has-post-thumbnail hentry category-lostinn-lisbon post_format-post-format-video\">\n    <div class=\"knsl-cover-frame\">\n    <a href=\"https:\/\/lostinn.eu\/pt\/discover-lisbon-top-tips-for-first-time-visitors\/\">\n    \t    \t<img decoding=\"async\" src=\"https:\/\/lostinn.eu\/core\/wp-content\/uploads\/2024\/12\/Discover-Lisbon-950x796.png\" alt=\"Discover Lisbon: top tips for first-time visitors\" \/>\n    \t    <\/a>\n\t\t<div class=\"knsl-badge\">\n\t\t\tLost Inn Lisboa\t\t<\/div>\n  <\/div>\n    <div class=\"knsl-description-frame\">\n    <div class=\"knsl-room-features\">\n      <div class=\"knsl-feature knsl-feature-author\">\n                <div class=\"knsl-icon-frame knsl-icon-author\"><img decoding=\"async\" src=\"https:\/\/secure.gravatar.com\/avatar\/e04be3c41d21deb239f1c6fa1c794236787fb99ffa16f2b64c12e255e20c26bd?s=96&#038;d=mm&#038;r=g\" alt=\"Joana Marques\" \/><\/div>\n                <span>Joana Marques<\/span>\n      <\/div>\n\n      \t  \t<div class=\"knsl-feature knsl-feature-date\">\n        <div class=\"knsl-icon-frame\"><span class=\"img-svg img-svg-time\"><\/span><\/div>\n        <span>Dezembro 5, 2024<\/span>\n      <\/div>\n\t  \t    <\/div>\n    <a href=\"https:\/\/lostinn.eu\/pt\/discover-lisbon-top-tips-for-first-time-visitors\/\" class=\"knsl-title\">\n      <h4 class=\"knsl-mb-20\">Discover Lisbon: top tips for first-time visitors<\/h4>\n    <\/a>\n    <div class=\"knsl-text-light knsl-text-sm\">\n    \t<p>Lisbon, the vibrant capital of Portugal, is a city where old-world charm meets modern-day adventure. From its cobbled streets and historic neighborhoods to its buzzing nightlife and picturesque river views, Lisbon offers something for everyone. If you\u2019re planning your first trip to this beautiful city, here are some tips to make the most of your stay.<\/p>\n    <\/div>\n  <\/div>\n  <\/div>\n<\/div>\n<!-- blog card end -->\n\n\t\t\t\t<\/div>\n\t\t\t\t\t\t\t\t<div class=\"col-md-6 col-lg-4\">\n\n\t\t\t\t\t\n\n<!-- blog card -->\n<div class=\"knsl-blog-card knsl-scroll-animation\">\n  <div id=\"post-8728\" class=\"post-8728 post type-post status-publish format-video has-post-thumbnail hentry category-lostinn-lisbon post_format-post-format-video\">\n    <div class=\"knsl-cover-frame\">\n    <a href=\"https:\/\/lostinn.eu\/pt\/experience-comfort-and-community-at-lost-inn-lisbon\/\">\n    \t    \t<img decoding=\"async\" src=\"https:\/\/lostinn.eu\/core\/wp-content\/uploads\/2024\/12\/Experience-comfort-and-community-at-Lost-Inn-Lisbon-950x796.png\" alt=\"Experience comfort and community at Lost Inn Lisbon\" \/>\n    \t    <\/a>\n\t\t<div class=\"knsl-badge\">\n\t\t\tLost Inn Lisboa\t\t<\/div>\n  <\/div>\n    <div class=\"knsl-description-frame\">\n    <div class=\"knsl-room-features\">\n      <div class=\"knsl-feature knsl-feature-author\">\n                <div class=\"knsl-icon-frame knsl-icon-author\"><img decoding=\"async\" src=\"https:\/\/secure.gravatar.com\/avatar\/e04be3c41d21deb239f1c6fa1c794236787fb99ffa16f2b64c12e255e20c26bd?s=96&#038;d=mm&#038;r=g\" alt=\"Joana Marques\" \/><\/div>\n                <span>Joana Marques<\/span>\n      <\/div>\n\n      \t  \t<div class=\"knsl-feature knsl-feature-date\">\n        <div class=\"knsl-icon-frame\"><span class=\"img-svg img-svg-time\"><\/span><\/div>\n        <span>Dezembro 5, 2024<\/span>\n      <\/div>\n\t  \t    <\/div>\n    <a href=\"https:\/\/lostinn.eu\/pt\/experience-comfort-and-community-at-lost-inn-lisbon\/\" class=\"knsl-title\">\n      <h4 class=\"knsl-mb-20\">Experience comfort and community at Lost Inn Lisbon<\/h4>\n    <\/a>\n    <div class=\"knsl-text-light knsl-text-sm\">\n    \t<p>When you stay at Lost Inn Lisbon, you\u2019re not just booking a bed\u2014you\u2019re booking an experience. Nestled in the heart of the city, our hostel is designed to make you feel right at home, with a warm atmosphere, cozy spaces, and a welcoming community. Here\u2019s what you can expect when you stay with us.<\/p>\n    <\/div>\n  <\/div>\n  <\/div>\n<\/div>\n<!-- blog card end -->\n\n\t\t\t\t<\/div>\n\t\t\t\t\t\t\t\t<div class=\"col-md-6 col-lg-4\">\n\n\t\t\t\t\t\n\n<!-- blog card -->\n<div class=\"knsl-blog-card knsl-scroll-animation\">\n  <div id=\"post-8729\" class=\"post-8729 post type-post status-publish format-video has-post-thumbnail hentry category-lostinn-lisbon post_format-post-format-video\">\n    <div class=\"knsl-cover-frame\">\n    <a href=\"https:\/\/lostinn.eu\/pt\/why-being-female-solo-travel-friendly-is-important-to-us-at-lost-inn-lisbon\/\">\n    \t    \t<img decoding=\"async\" src=\"https:\/\/lostinn.eu\/core\/wp-content\/uploads\/2024\/12\/Empowering-female-solo-travelers-950x713.jpg\" alt=\"Why being Female-Solo-Travel friendly is important to us at Lost Inn Lisbon\" \/>\n    \t    <\/a>\n\t\t<div class=\"knsl-badge\">\n\t\t\tLost Inn Lisboa\t\t<\/div>\n  <\/div>\n    <div class=\"knsl-description-frame\">\n    <div class=\"knsl-room-features\">\n      <div class=\"knsl-feature knsl-feature-author\">\n                <div class=\"knsl-icon-frame knsl-icon-author\"><img decoding=\"async\" src=\"https:\/\/secure.gravatar.com\/avatar\/e04be3c41d21deb239f1c6fa1c794236787fb99ffa16f2b64c12e255e20c26bd?s=96&#038;d=mm&#038;r=g\" alt=\"Joana Marques\" \/><\/div>\n                <span>Joana Marques<\/span>\n      <\/div>\n\n      \t  \t<div class=\"knsl-feature knsl-feature-date\">\n        <div class=\"knsl-icon-frame\"><span class=\"img-svg img-svg-time\"><\/span><\/div>\n        <span>Dezembro 5, 2024<\/span>\n      <\/div>\n\t  \t    <\/div>\n    <a href=\"https:\/\/lostinn.eu\/pt\/why-being-female-solo-travel-friendly-is-important-to-us-at-lost-inn-lisbon\/\" class=\"knsl-title\">\n      <h4 class=\"knsl-mb-20\">Why being Female-Solo-Travel friendly is important to us at Lost Inn Lisbon<\/h4>\n    <\/a>\n    <div class=\"knsl-text-light knsl-text-sm\">\n    \t<p>At Lost Inn Lisbon, we know how important it is for solo travelers\u2014especially women\u2014to feel safe, comfortable, and supported during their stay. Lisbon is a fantastic city to explore, but as a female traveler, having the right environment can make all the difference. Here\u2019s why being a female solo travel-friendly hostel is such a priority for us.<\/p>\n    <\/div>\n  <\/div>\n  <\/div>\n<\/div>\n<!-- blog card end -->\n\n\t\t\t\t<\/div>\n\t\t\t\t\n\t      \t\t\t\t\t\t<!-- pagination -->\n\t\t\t\t<div class=\"knsl-pagination\">\n\t\t\t\t\t\t\t\t<\/div>\n\t\t\t\t<!-- pagination end -->\n\t\t\t\t\n\t\t\t\t\t    \t\t\n\t    \t<\/div>\n\t\t<\/div>\t<\/section>\n\t<!-- blog end -->\n\n\t\t\t\t\t\t<\/div>\n\t\t\t\t<\/div>\n\t\t\t\t\t<\/div>\n\t\t<\/div>\n\t\t\t\t\t<\/div>\n\t\t<\/section>\n\t\t\t\t<section class=\"elementor-section elementor-top-section elementor-element elementor-element-691da3f elementor-section-full_width elementor-section-height-default elementor-section-height-default\" data-id=\"691da3f\" data-element_type=\"section\">\n\t\t\t\t\t\t<div class=\"elementor-container elementor-column-gap-no\">\n\t\t\t\t\t<div class=\"elementor-column elementor-col-100 elementor-top-column elementor-element elementor-element-d1e2db9\" data-id=\"d1e2db9\" data-element_type=\"column\">\n\t\t\t<div class=\"elementor-widget-wrap elementor-element-populated\">\n\t\t\t\t\t\t<div class=\"elementor-element elementor-element-326bc08 elementor-widget elementor-widget-kinsley-blog-carousel\" data-id=\"326bc08\" data-element_type=\"widget\" data-widget_type=\"kinsley-blog-carousel.default\">\n\t\t\t\t<div class=\"elementor-widget-container\">\n\t\t\t\t\t\n\t<!-- blog -->\n    <section class=\"knsl-transition-top knsl-p-0-100\">\n\t\n\t<div class=\"container\">        <div class=\"row align-items-center\">\n\t\t\t\t\t\t\t\t\t\t<div class=\"col-lg-12\">\n\t\t\t\t\t\t<div class=\"knsl-center knsl-title-frame knsl-scroll-animation knsl-mb-100\">\n\t\t\t\t\t\t\t\t\t\t\t\t\t\t<h2 class=\"knsl-title--h knsl-mb-20\">\n\t\t\t\t\t\t\t\t<span >\n\t\t\t\t\t\t\t\t\t\tV\u00ea tamb\u00e9m os artigos do Lost Inn Porto!\t\t\t\t\t\t\t\t<\/span>\n\t\t\t\t\t\t\t<\/h2>\n\t\t\t\t\t\t\t\t\t\t\t\t\t\t\t\t\t\t\t\t\t<p class=\"knsl-text knsl-mb-30\">\n\t\t\t\t\t\t\t\t<span >\n\t\t\t\t\t\t\t\t\t\tDescobre dicas exclusivas, locais escondidos e as melhores formas de explorar o Porto no nosso blog.\n\nDesde destaques de eventos at\u00e9 inspira\u00e7\u00e3o para viagens, temos tudo o que precisas para aproveitares ao m\u00e1ximo a tua estadia!\t\t\t\t\t\t\t\t<\/span>\n\t\t\t\t\t\t\t<\/p>\n\t\t\t\t\t\t\t\t\t\t\t\t\t\t\t\t\t\t\t\t\t<a href=\"\/pt\/porto\/blog\/\" class=\"knsl-btn knsl-btn-md\">\n\t\t\t\t\t\t\t\t<span >\n\t\t\t\t\t\t\t\t\t\tLostinn Porto Blog\t\t\t\t\t\t\t\t<\/span>\n\t\t\t\t\t\t\t<\/a>\n\t\t\t\t\t\t\t\t\t\t\t\t\t<\/div>\n\t\t\t\t\t<\/div>\n\t\t\t\t\t\n          <div class=\"col-lg-12  attr-categories-false attr-readmore-false\">\n\t\t\t\t\t\t          <\/div>\n        <\/div>\n    \n\t<\/div>    <\/section>\n    <!-- blog end -->\n\n\t\t\t\t\t\t<\/div>\n\t\t\t\t<\/div>\n\t\t\t\t\t<\/div>\n\t\t<\/div>\n\t\t\t\t\t<\/div>\n\t\t<\/section>\n\t\t\t\t<\/div>","protected":false},"excerpt":{"rendered":"<p>Our Blog Discover insider tips about Lisbon, upcoming events at the hostel, and all&#8230; <span class=\"knsl-el-more\"><a href=\"https:\/\/lostinn.eu\/pt\/why-being-female-solo-travel-friendly-is-important-to-us-at-lost-inn-lisbon\/\" class=\"knsl-btn\">Read more<span class=\"screen-reader-text\">Read more&nbsp;Why being Female-Solo-Travel friendly is important to us at Lost Inn Lisbon<\/span><\/a><\/span><\/p>","protected":false},"author":1,"featured_media":0,"parent":8199,"menu_order":0,"comment_status":"closed","ping_status":"closed","template":"template-layout-builder.php","meta":{"_acf_changed":false,"footnotes":""},"class_list":["post-8385","page","type-page","status-publish","hentry"],"acf":[],"_links":{"self":[{"href":"https:\/\/lostinn.eu\/pt\/wp-json\/wp\/v2\/pages\/8385","targetHints":{"allow":["GET"]}}],"collection":[{"href":"https:\/\/lostinn.eu\/pt\/wp-json\/wp\/v2\/pages"}],"about":[{"href":"https:\/\/lostinn.eu\/pt\/wp-json\/wp\/v2\/types\/page"}],"author":[{"embeddable":true,"href":"https:\/\/lostinn.eu\/pt\/wp-json\/wp\/v2\/users\/1"}],"replies":[{"embeddable":true,"href":"https:\/\/lostinn.eu\/pt\/wp-json\/wp\/v2\/comments?post=8385"}],"version-history":[{"count":25,"href":"https:\/\/lostinn.eu\/pt\/wp-json\/wp\/v2\/pages\/8385\/revisions"}],"predecessor-version":[{"id":8989,"href":"https:\/\/lostinn.eu\/pt\/wp-json\/wp\/v2\/pages\/8385\/revisions\/8989"}],"up":[{"embeddable":true,"href":"https:\/\/lostinn.eu\/pt\/wp-json\/wp\/v2\/pages\/8199"}],"wp:attachment":[{"href":"https:\/\/lostinn.eu\/pt\/wp-json\/wp\/v2\/media?parent=8385"}],"curies":[{"name":"wp","href":"https:\/\/api.w.org\/{rel}","templated":true}]}}