{"id":8200,"date":"2021-12-05T00:09:06","date_gmt":"2021-12-05T00:09:06","guid":{"rendered":"https:\/\/kinsley-demo.bslthemes.com\/?page_id=287"},"modified":"2025-04-22T17:00:35","modified_gmt":"2025-04-22T17:00:35","slug":"about","status":"publish","type":"page","link":"https:\/\/lostinn.eu\/pt\/lisbon\/about\/","title":{"rendered":"Acerca"},"content":{"rendered":"<div data-elementor-type=\"wp-page\" data-elementor-id=\"8200\" class=\"elementor elementor-8200\" data-elementor-post-type=\"page\">\n\t\t\t\t\t\t<section class=\"elementor-section elementor-top-section elementor-element elementor-element-bb5256a elementor-section-full_width elementor-section-height-default elementor-section-height-default\" data-id=\"bb5256a\" data-element_type=\"section\">\n\t\t\t\t\t\t<div class=\"elementor-container elementor-column-gap-no\">\n\t\t\t\t\t<div class=\"elementor-column elementor-col-100 elementor-top-column elementor-element elementor-element-dec0541\" data-id=\"dec0541\" data-element_type=\"column\">\n\t\t\t<div class=\"elementor-widget-wrap elementor-element-populated\">\n\t\t\t\t\t\t<div class=\"elementor-element elementor-element-80e1cce elementor-widget elementor-widget-kinsley-intro\" data-id=\"80e1cce\" data-element_type=\"widget\" data-widget_type=\"kinsley-intro.default\">\n\t\t\t\t<div class=\"elementor-widget-container\">\n\t\t\t\t\t\n    <!-- banner -->\n    <section class=\"knsl-banner-simple knsl-transition-bottom\">\n      \n\t  \n      <div class=\"container\">\n        <div class=\"row\">\n          <div class=\"col-lg-12\">\n\n            <div class=\"knsl-center knsl-title-frame\">\n                            <h1 class=\"knsl-title--h knsl-mb-20 knsl-h1-inner\">\n                <span >\n                    Sobre o Lost Inn                <\/span>\n              <\/h1>\n                                          <p class=\"knsl-text knsl-mb-30\">\n                <span >\n                    No Lost Inn, acreditamos em criar experi\u00eancias inesquec\u00edveis para cada viajante. Os nossos hostels s\u00e3o mais do que apenas um lugar para dormir \u2013 s\u00e3o uma comunidade onde podes conectar-te, explorar e criar mem\u00f3rias.\n\nCom quartos acolhedores, um ambiente amig\u00e1vel e localiza\u00e7\u00f5es perfeitas em Lisboa e no Porto, o nosso objetivo \u00e9 tornar cada estadia \u00fanica e especial.                <\/span>\n              <\/p>\n              \n              <ul class=\"knsl-breadcrumbs\"><li><a href=\"https:\/\/lostinn.eu\/pt\" title=\"Lostinn\">Hostels<\/a><\/li><li><a href=\"https:\/\/lostinn.eu\/pt\/lisbon\/\">Hostel Lisboa<\/a><\/li><li class=\"tst-active\"><a><\/a><\/li><\/ul>\n            <\/div>\n\n          <\/div>\n        <\/div>\n      <\/div>\n    <\/section>\n    <!-- banner end -->\n\n\t\t\t\t\t\t<\/div>\n\t\t\t\t<\/div>\n\t\t\t\t\t<\/div>\n\t\t<\/div>\n\t\t\t\t\t<\/div>\n\t\t<\/section>\n\t\t\t\t<section class=\"elementor-section elementor-top-section elementor-element elementor-element-bcacc7c elementor-section-full_width elementor-section-height-default elementor-section-height-default\" data-id=\"bcacc7c\" data-element_type=\"section\">\n\t\t\t\t\t\t<div class=\"elementor-container elementor-column-gap-no\">\n\t\t\t\t\t<div class=\"elementor-column elementor-col-100 elementor-top-column elementor-element elementor-element-08937c3\" data-id=\"08937c3\" data-element_type=\"column\">\n\t\t\t<div class=\"elementor-widget-wrap elementor-element-populated\">\n\t\t\t\t\t\t<div class=\"elementor-element elementor-element-bf7825a elementor-widget elementor-widget-kinsley-about-quote\" data-id=\"bf7825a\" data-element_type=\"widget\" data-widget_type=\"kinsley-about-quote.default\">\n\t\t\t\t<div class=\"elementor-widget-container\">\n\t\t\t\t\t\n    <!-- quote -->\n    <section class=\"knsl-p-0-100\">\n\n      <div class=\"container\">\n        <div class=\"row\">\n\n          <div class=\"col-lg-12\">\n\n            <div class=\"knsl-quote-with-author\">\n\n              <div class=\"row align-items-center\">\n                <div class=\"col-lg-4\">\n                                    <div class=\"knsl-photo-frame\">\n                    <img decoding=\"async\" src=\"https:\/\/lostinn.eu\/core\/wp-content\/uploads\/2025\/04\/Ricardo1-2-950x920.png\" alt=\"Ricardo\" \/>\n                  <\/div>\n                                  <\/div>\n                <div class=\"col-lg-8\">\n                                    <blockquote>\n                    <span >\n                      Todos os dias no Lost Inn Lisboa s\u00e3o uma nova aventura.\nReceber h\u00f3spedes de todo o mundo, partilhar hist\u00f3rias, risos e criar mem\u00f3rias juntos \u00e9 o que torna este trabalho t\u00e3o especial.\n\nN\u00e3o se trata apenas de oferecer um lugar para ficar \u2013 trata-se de fazer com que todos se sintam em casa, independentemente de onde v\u00eam.                    <\/span>\n                  <\/blockquote>\n                                    <div class=\"knsl-quote-bottom\">\n                    <div>\n                                            <h4>\n                        <span >\n                  \t\t\t\tRicardo                  \t\t\t<\/span>\n                      <\/h4>\n                                                                  <p>\n                        <span >\n                  \t\t\t\tGerente do Hostel                  \t\t\t<\/span>\n                      <\/p>\n                                          <\/div>\n                                      <\/div>\n                <\/div>\n              <\/div>\n            <\/div>\n\n          <\/div>\n\n        <\/div>\n\n      <\/div>\n\n    <\/section>\n    <!-- quote end -->\n\n\t\t\t\t\t\t<\/div>\n\t\t\t\t<\/div>\n\t\t\t\t\t<\/div>\n\t\t<\/div>\n\t\t\t\t\t<\/div>\n\t\t<\/section>\n\t\t\t\t<section class=\"elementor-section elementor-top-section elementor-element elementor-element-1edd412 elementor-section-full_width elementor-section-height-default elementor-section-height-default\" data-id=\"1edd412\" data-element_type=\"section\">\n\t\t\t\t\t\t<div class=\"elementor-container elementor-column-gap-no\">\n\t\t\t\t\t<div class=\"elementor-column elementor-col-100 elementor-top-column elementor-element elementor-element-d8a79f3\" data-id=\"d8a79f3\" data-element_type=\"column\">\n\t\t\t<div class=\"elementor-widget-wrap elementor-element-populated\">\n\t\t\t\t\t\t<div class=\"elementor-element elementor-element-d69d785 elementor-widget elementor-widget-kinsley-features-inner\" data-id=\"d69d785\" data-element_type=\"widget\" data-widget_type=\"kinsley-features-inner.default\">\n\t\t\t\t<div class=\"elementor-widget-container\">\n\t\t\t\t\t\n\t\t<!-- features -->\n\t\t<section class=\"knsl-p-0-90\">\n\t\t <div class=\"container\">\t\t\t<div class=\"row\">\n\t\t\t\t\t\t\t\t<div class=\"col-lg-12\">\n\n\t\t\t\t\t<div class=\"knsl-center knsl-title-frame knsl-mb-100\">\n\t\t\t\t\t\t\t\t\t\t\t\t<h2 class=\"knsl-title--h knsl-mb-20\">\n\t\t\t\t\t\t\t<span >\n\t\t\t\t\t\t\t\t\tOs Nossos Servi\u00e7os\t\t\t\t\t\t\t<\/span>\n\t\t\t\t\t\t<\/h2>\n\t\t\t\t\t\t\t\t\t\t\t\t\t\t\t\t\t\t<div class=\"knsl-text knsl-mb-30\">\n\t\t\t\t\t\t\t<p>\n\t\t\t\t\t\t\t\t<span >\n\t\t\t\t\t\t\t\t\tDesde eventos gratuitos e atividades di\u00e1rias a quartos confort\u00e1veis e bem equipados, oferecemos uma variedade de servi\u00e7os projetados para tornar a tua estadia f\u00e1cil, divertida e memor\u00e1vel.\n\nQuer estejas aqui para relaxar, conhecer novas pessoas ou explorar a cidade, temos tudo o que precisas para aproveitares ao m\u00e1ximo o teu tempo connosco.\t\t\t\t\t\t\t\t<\/span>\n\t\t\t\t\t\t\t<\/p>\n\t\t\t\t\t\t<\/div>\n\t\t\t\t\t\t\t\t\t\t\t\t\t\t\t\t\t\t<a target=\"_blank\" href=\"#lisbonbooking\" class=\"knsl-btn knsl-btn-md\">\n\t\t\t\t\t\t\t<span >\n\t\t\t\t\t\t\t\t\tRESERVA AGORA\t\t\t\t\t\t\t<\/span>\n\t\t\t\t\t\t<\/a>\n\t\t\t\t\t\t\t\t\t\t\t<\/div>\n\t\t\t\t<\/div>\n\t\t\t\t\t\t\t\t\t\t\t\t\t\t\t\t<div class=\"col-lg-3\">\n\t\t\t\t\t<!-- icon box -->\n\t\t\t\t\t<div class=\"knsl-icon-box knsl-scroll-animation\">\n\t\t\t\t\t\t\t\t\t\t\t\t<img decoding=\"async\" src=\"https:\/\/lostinn.eu\/core\/wp-content\/uploads\/2025\/01\/person-walking-solid-950x1517.png\" class=\"knsl-mb-10\" alt=\"Free Walking Tour\" \/>\n\t\t\t\t\t\t\t\t\t\t\t\t\t\t\t\t\t\t<h5>\n\t\t\t\t\t\t\t<span >\n\t\t\t\t\t\t\t\tPasseio a P\u00e9 Gratuito\t\t\t\t\t\t\t<\/span>\n\t\t\t\t\t\t<\/h5>\n\t\t\t\t\t\t\t\t\t\t\t<\/div>\n\t\t\t\t\t<!-- icon box end -->\n\t\t\t\t<\/div>\n\t\t\t\t\t\t\t\t<div class=\"col-lg-3\">\n\t\t\t\t\t<!-- icon box -->\n\t\t\t\t\t<div class=\"knsl-icon-box knsl-scroll-animation\">\n\t\t\t\t\t\t\t\t\t\t\t\t<img decoding=\"async\" src=\"https:\/\/lostinn.eu\/core\/wp-content\/uploads\/2025\/01\/beer-mug-empty-solid-950x887.png\" class=\"knsl-mb-10\" alt=\"Pub Crawl\" \/>\n\t\t\t\t\t\t\t\t\t\t\t\t\t\t\t\t\t\t<h5>\n\t\t\t\t\t\t\t<span >\n\t\t\t\t\t\t\t\tRoteiro pelos Bares\t\t\t\t\t\t\t<\/span>\n\t\t\t\t\t\t<\/h5>\n\t\t\t\t\t\t\t\t\t\t\t<\/div>\n\t\t\t\t\t<!-- icon box end -->\n\t\t\t\t<\/div>\n\t\t\t\t\t\t\t\t<div class=\"col-lg-3\">\n\t\t\t\t\t<!-- icon box -->\n\t\t\t\t\t<div class=\"knsl-icon-box knsl-scroll-animation\">\n\t\t\t\t\t\t\t\t\t\t\t\t<img decoding=\"async\" src=\"https:\/\/lostinn.eu\/core\/wp-content\/uploads\/2025\/01\/wine-glass-solid-950x1705.png\" class=\"knsl-mb-10\" alt=\"Free Sangria Time\" \/>\n\t\t\t\t\t\t\t\t\t\t\t\t\t\t\t\t\t\t<h5>\n\t\t\t\t\t\t\t<span >\n\t\t\t\t\t\t\t\tHora da Sangria Gr\u00e1tis\t\t\t\t\t\t\t<\/span>\n\t\t\t\t\t\t<\/h5>\n\t\t\t\t\t\t\t\t\t\t\t<\/div>\n\t\t\t\t\t<!-- icon box end -->\n\t\t\t\t<\/div>\n\t\t\t\t\t\t\t\t<div class=\"col-lg-3\">\n\t\t\t\t\t<!-- icon box -->\n\t\t\t\t\t<div class=\"knsl-icon-box knsl-scroll-animation\">\n\t\t\t\t\t\t\t\t\t\t\t\t<img decoding=\"async\" src=\"https:\/\/lostinn.eu\/core\/wp-content\/uploads\/2025\/01\/bowl-food-solid-950x831.png\" class=\"knsl-mb-10\" alt=\"Free Mama&#039;s Soup\" \/>\n\t\t\t\t\t\t\t\t\t\t\t\t\t\t\t\t\t\t<h5>\n\t\t\t\t\t\t\t<span >\n\t\t\t\t\t\t\t\tA Sopa da Mam\u00e3 Gr\u00e1tis\t\t\t\t\t\t\t<\/span>\n\t\t\t\t\t\t<\/h5>\n\t\t\t\t\t\t\t\t\t\t\t<\/div>\n\t\t\t\t\t<!-- icon box end -->\n\t\t\t\t<\/div>\n\t\t\t\t\t\t\t\t<div class=\"col-lg-3\">\n\t\t\t\t\t<!-- icon box -->\n\t\t\t\t\t<div class=\"knsl-icon-box knsl-scroll-animation\">\n\t\t\t\t\t\t\t\t\t\t\t\t<img decoding=\"async\" src=\"https:\/\/lostinn.eu\/core\/wp-content\/uploads\/2025\/01\/utensils-solid-950x1086.png\" class=\"knsl-mb-10\" alt=\"Breakfast\" \/>\n\t\t\t\t\t\t\t\t\t\t\t\t\t\t\t\t\t\t<h5>\n\t\t\t\t\t\t\t<span >\n\t\t\t\t\t\t\t\tPequeno-Almo\u00e7o\t\t\t\t\t\t\t<\/span>\n\t\t\t\t\t\t<\/h5>\n\t\t\t\t\t\t\t\t\t\t\t<\/div>\n\t\t\t\t\t<!-- icon box end -->\n\t\t\t\t<\/div>\n\t\t\t\t\t\t\t\t<div class=\"col-lg-3\">\n\t\t\t\t\t<!-- icon box -->\n\t\t\t\t\t<div class=\"knsl-icon-box knsl-scroll-animation\">\n\t\t\t\t\t\t\t\t\t\t\t\t<img decoding=\"async\" src=\"https:\/\/lostinn.eu\/core\/wp-content\/uploads\/2025\/01\/soap-solid-950x950.png\" class=\"knsl-mb-10\" alt=\"Laundry service\" \/>\n\t\t\t\t\t\t\t\t\t\t\t\t\t\t\t\t\t\t<h5>\n\t\t\t\t\t\t\t<span >\n\t\t\t\t\t\t\t\tServi\u00e7o de Lavandaria\t\t\t\t\t\t\t<\/span>\n\t\t\t\t\t\t<\/h5>\n\t\t\t\t\t\t\t\t\t\t\t<\/div>\n\t\t\t\t\t<!-- icon box end -->\n\t\t\t\t<\/div>\n\t\t\t\t\t\t\t\t<div class=\"col-lg-3\">\n\t\t\t\t\t<!-- icon box -->\n\t\t\t\t\t<div class=\"knsl-icon-box knsl-scroll-animation\">\n\t\t\t\t\t\t\t\t\t\t\t\t<img decoding=\"async\" src=\"https:\/\/lostinn.eu\/core\/wp-content\/uploads\/2025\/01\/computer-solid-950x665.png\" class=\"knsl-mb-10\" alt=\"Computers Area\" \/>\n\t\t\t\t\t\t\t\t\t\t\t\t\t\t\t\t\t\t<h5>\n\t\t\t\t\t\t\t<span >\n\t\t\t\t\t\t\t\t\u00c1rea de Computadores\t\t\t\t\t\t\t<\/span>\n\t\t\t\t\t\t<\/h5>\n\t\t\t\t\t\t\t\t\t\t\t<\/div>\n\t\t\t\t\t<!-- icon box end -->\n\t\t\t\t<\/div>\n\t\t\t\t\t\t\t\t<div class=\"col-lg-3\">\n\t\t\t\t\t<!-- icon box -->\n\t\t\t\t\t<div class=\"knsl-icon-box knsl-scroll-animation\">\n\t\t\t\t\t\t\t\t\t\t\t\t<img decoding=\"async\" src=\"https:\/\/lostinn.eu\/core\/wp-content\/uploads\/2025\/01\/kitchen-set-solid-950x894.png\" class=\"knsl-mb-10\" alt=\"Dinner with The Chef\" \/>\n\t\t\t\t\t\t\t\t\t\t\t\t\t\t\t\t\t\t<h5>\n\t\t\t\t\t\t\t<span >\n\t\t\t\t\t\t\t\tJantar com o Chef\t\t\t\t\t\t\t<\/span>\n\t\t\t\t\t\t<\/h5>\n\t\t\t\t\t\t\t\t\t\t\t<\/div>\n\t\t\t\t\t<!-- icon box end -->\n\t\t\t\t<\/div>\n\t\t\t\t\t\t\t\t\t\t\t<\/div>\n\t\t <\/div>\t\t<\/section>\n\t\t<!-- features end -->\n\n\t\t\t\t\t\t<\/div>\n\t\t\t\t<\/div>\n\t\t\t\t\t<\/div>\n\t\t<\/div>\n\t\t\t\t\t<\/div>\n\t\t<\/section>\n\t\t\t\t<section class=\"elementor-section elementor-top-section elementor-element elementor-element-399f755 elementor-section-full_width elementor-section-height-default elementor-section-height-default\" data-id=\"399f755\" data-element_type=\"section\">\n\t\t\t\t\t\t<div class=\"elementor-container elementor-column-gap-no\">\n\t\t\t\t\t<div class=\"elementor-column elementor-col-100 elementor-top-column elementor-element elementor-element-8f07744\" data-id=\"8f07744\" data-element_type=\"column\">\n\t\t\t<div class=\"elementor-widget-wrap elementor-element-populated\">\n\t\t\t\t\t\t<div class=\"elementor-element elementor-element-7300557 elementor-widget elementor-widget-kinsley-team\" data-id=\"7300557\" data-element_type=\"widget\" data-widget_type=\"kinsley-team.default\">\n\t\t\t\t<div class=\"elementor-widget-container\">\n\t\t\t\t\t\n\t\t<!-- team -->\n    <section class=\"knsl-p-0-80\">\n\t<div class=\"container\">        <div class=\"row\">\n\t\t\t\t\t          <div class=\"col-lg-12\">\n            <div class=\"knsl-center knsl-title-frame knsl-mb-100\">\n\t\t\t\t\t\t\t\t\t\t\t\t\t\t<h2 class=\"knsl-title--h knsl-mb-20\">\n\t\t\t\t\t\t\t\t<span >\n\t\t\t\t\t\t\t\t\t\tA Nossa Equipa Fant\u00e1stica\t\t\t\t\t\t\t\t<\/span>\n\t\t\t\t\t\t\t<\/h2>\n\t\t\t\t\t\t\t\t\t\t\t\t\t\t\t\t\t\t\t\t\t<div class=\"knsl-text knsl-mb-30\">\n\t\t\t\t\t\t\t\t<p>\n\t\t\t\t\t\t\t\t\t<span >\n\t\t\t\t\t\t\t\t\t\t\tConhece o cora\u00e7\u00e3o e a alma por tr\u00e1s do Lost Inn Lisboa.\t\t\t\t\t\t\t\t\t<\/span>\n\t\t\t\t\t\t\t\t<\/p>\n\t\t\t\t\t\t\t<\/div>\n\t\t\t\t\t\t\t\t\t\t\t\t\t<\/div>\n          <\/div>\n\t\t\t\t\t\t\t\t\t\t\t\t\t\t\t          <div class=\"col-12 col-md-4\">\n\n            <div class=\"knsl-team-card\">\n\t\t\t\t\t\t\t\t\t\t\t\t\t\t<div class=\"knsl-photo-frame\">\n                <img decoding=\"async\" src=\"https:\/\/lostinn.eu\/core\/wp-content\/uploads\/2025\/04\/Joao-950x1275.jpg\" alt=\"\" \/>\n              <\/div>\n\t\t\t\t\t\t\t              <div class=\"knsl-team-member-descr\">\n\t\t\t\t\t\t\t\t\t\t\t\t\t\t\t\t<h3 class=\"knsl-mb-10\">\n\t\t\t\t\t\t\t\t\t<span >\n\t\t\t\t\t\t\t\t\t\tJo\u00e3o\t\t\t\t\t\t\t\t\t<\/span>\n\t\t\t\t\t\t\t\t<\/h3>\n\t\t\t\t\t\t\t\t\t\t\t\t\t\t\t\t                <div>\n\t\t\t\t\t\t\t\t\t<span >\n\t\t\t\t\t\t\t\t\t\tO mestre da log\u00edstica que mant\u00e9m tudo a funcionar sem problemas.\t\t\t\t\t\t\t\t\t<\/span>\n\t\t\t\t\t\t\t\t<\/div>\n\t\t\t\t\t\t\t\t\t\t\t\t\t\t\t\t              <\/div>\n            <\/div>\n\n          <\/div>\n\t\t\t\t\t          <div class=\"col-12 col-md-4\">\n\n            <div class=\"knsl-team-card\">\n\t\t\t\t\t\t\t\t\t\t\t\t\t\t<div class=\"knsl-photo-frame\">\n                <img decoding=\"async\" src=\"https:\/\/lostinn.eu\/core\/wp-content\/uploads\/2025\/04\/Antonio.jpeg\" alt=\"\" \/>\n              <\/div>\n\t\t\t\t\t\t\t              <div class=\"knsl-team-member-descr\">\n\t\t\t\t\t\t\t\t\t\t\t\t\t\t\t\t<h3 class=\"knsl-mb-10\">\n\t\t\t\t\t\t\t\t\t<span >\n\t\t\t\t\t\t\t\t\t\tAnt\u00f3nio\t\t\t\t\t\t\t\t\t<\/span>\n\t\t\t\t\t\t\t\t<\/h3>\n\t\t\t\t\t\t\t\t\t\t\t\t\t\t\t\t                <div>\n\t\t\t\t\t\t\t\t\t<span >\n\t\t\t\t\t\t\t\t\t\tO guru da tecnologia que garante que tudo est\u00e1 sempre ligado e eficiente.\t\t\t\t\t\t\t\t\t<\/span>\n\t\t\t\t\t\t\t\t<\/div>\n\t\t\t\t\t\t\t\t\t\t\t\t\t\t\t\t              <\/div>\n            <\/div>\n\n          <\/div>\n\t\t\t\t\t          <div class=\"col-12 col-md-4\">\n\n            <div class=\"knsl-team-card\">\n\t\t\t\t\t\t\t\t\t\t\t\t\t\t<div class=\"knsl-photo-frame\">\n                <img decoding=\"async\" src=\"https:\/\/lostinn.eu\/core\/wp-content\/uploads\/2025\/04\/Ricardo-950x945.png\" alt=\"\" \/>\n              <\/div>\n\t\t\t\t\t\t\t              <div class=\"knsl-team-member-descr\">\n\t\t\t\t\t\t\t\t\t\t\t\t\t\t\t\t<h3 class=\"knsl-mb-10\">\n\t\t\t\t\t\t\t\t\t<span >\n\t\t\t\t\t\t\t\t\t\tRicardo\t\t\t\t\t\t\t\t\t<\/span>\n\t\t\t\t\t\t\t\t<\/h3>\n\t\t\t\t\t\t\t\t\t\t\t\t\t\t\t\t                <div>\n\t\t\t\t\t\t\t\t\t<span >\n\t\t\t\t\t\t\t\t\t\tMembro da nossa fam\u00edlia h\u00e1 muitos anos, sempre pronto para te receber com um sorriso e tornar a tua estadia inesquec\u00edvel.\t\t\t\t\t\t\t\t\t<\/span>\n\t\t\t\t\t\t\t\t<\/div>\n\t\t\t\t\t\t\t\t\t\t\t\t\t\t\t\t              <\/div>\n            <\/div>\n\n          <\/div>\n\t\t\t\t\t\t\t\t\t\t        <\/div>\n\t  <\/div>    <\/section>\n    <!-- team end -->\n\n\t\t\t\t\t\t<\/div>\n\t\t\t\t<\/div>\n\t\t\t\t\t<\/div>\n\t\t<\/div>\n\t\t\t\t\t<\/div>\n\t\t<\/section>\n\t\t\t\t<\/div>","protected":false},"excerpt":{"rendered":"<p>About Lostinn At Lost Inn, we believe in creating unforgettable experiences for every traveler. Our hostels are more than just&#8230; <span class=\"knsl-el-more\"><a href=\"https:\/\/lostinn.eu\/pt\/lisbon\/about\/\" class=\"knsl-btn\">Read more<span class=\"screen-reader-text\">Read more&nbsp;About<\/span><\/a><\/span><\/p>","protected":false},"author":1,"featured_media":0,"parent":8199,"menu_order":0,"comment_status":"closed","ping_status":"closed","template":"elementor_header_footer","meta":{"_acf_changed":false,"footnotes":""},"class_list":["post-8200","page","type-page","status-publish","hentry"],"acf":[],"_links":{"self":[{"href":"https:\/\/lostinn.eu\/pt\/wp-json\/wp\/v2\/pages\/8200","targetHints":{"allow":["GET"]}}],"collection":[{"href":"https:\/\/lostinn.eu\/pt\/wp-json\/wp\/v2\/pages"}],"about":[{"href":"https:\/\/lostinn.eu\/pt\/wp-json\/wp\/v2\/types\/page"}],"author":[{"embeddable":true,"href":"https:\/\/lostinn.eu\/pt\/wp-json\/wp\/v2\/users\/1"}],"replies":[{"embeddable":true,"href":"https:\/\/lostinn.eu\/pt\/wp-json\/wp\/v2\/comments?post=8200"}],"version-history":[{"count":38,"href":"https:\/\/lostinn.eu\/pt\/wp-json\/wp\/v2\/pages\/8200\/revisions"}],"predecessor-version":[{"id":9381,"href":"https:\/\/lostinn.eu\/pt\/wp-json\/wp\/v2\/pages\/8200\/revisions\/9381"}],"up":[{"embeddable":true,"href":"https:\/\/lostinn.eu\/pt\/wp-json\/wp\/v2\/pages\/8199"}],"wp:attachment":[{"href":"https:\/\/lostinn.eu\/pt\/wp-json\/wp\/v2\/media?parent=8200"}],"curies":[{"name":"wp","href":"https:\/\/api.w.org\/{rel}","templated":true}]}}